{"id":21,"date":"2017-03-23T18:28:40","date_gmt":"2017-03-23T17:28:40","guid":{"rendered":"https:\/\/dorotadobosz.com\/?page_id=21"},"modified":"2017-04-18T16:44:58","modified_gmt":"2017-04-18T14:44:58","slug":"korrepetition","status":"publish","type":"page","link":"https:\/\/dorotadobosz.com\/pl\/korrepetition\/","title":{"rendered":"Korrepetition"},"content":{"rendered":"<p><a href=\"https:\/\/dorotadobosz.com\/wp-content\/uploads\/2017\/04\/Dorota_Dobosz_Korrepetition.jpg\"><img loading=\"lazy\" decoding=\"async\" class=\"alignright wp-image-265 size-medium\" src=\"https:\/\/dorotadobosz.com\/wp-content\/uploads\/2017\/04\/Dorota_Dobosz_Korrepetition-400x267.jpg\" alt=\"\" width=\"400\" height=\"267\" srcset=\"https:\/\/dorotadobosz.com\/wp-content\/uploads\/2017\/04\/Dorota_Dobosz_Korrepetition-400x267.jpg 400w, https:\/\/dorotadobosz.com\/wp-content\/uploads\/2017\/04\/Dorota_Dobosz_Korrepetition-225x150.jpg 225w, https:\/\/dorotadobosz.com\/wp-content\/uploads\/2017\/04\/Dorota_Dobosz_Korrepetition-768x512.jpg 768w, https:\/\/dorotadobosz.com\/wp-content\/uploads\/2017\/04\/Dorota_Dobosz_Korrepetition-1024x683.jpg 1024w, https:\/\/dorotadobosz.com\/wp-content\/uploads\/2017\/04\/Dorota_Dobosz_Korrepetition.jpg 1240w\" sizes=\"auto, (max-width: 400px) 100vw, 400px\" \/><\/a>Als versierte Pianistin erteilt Dorota Dobosz Korrepetition f\u00fcr S\u00e4nger und Instrumentalisten. Ihre vielseitigen Erfahrungen am Musiktheater bilden die Basis f\u00fcr ihre Arbeit beim Einstudieren von Opern- und Oratorienpartien sowohl im Bereich des g\u00e4ngigen S\u00e4ngerrepertoires als auch der modernen Oper. Dank ihrer langj\u00e4hrigen Praxis als S\u00e4ngerbegleiterin weiss sie die klanglichen, interpretatorischen und sprachlichen Rafinessen des Kunstlieds gekonnt zu erfassen und zu vermitteln.<\/p>\n<p>Dorota Dobosz hatte die Gelegenheit als Musikpartnerin fast jedes Instrument kennenzulernen. Ihr gro\u00dfes Anliegen ist sich in das klangliche Spektrum und in besondere interpretatorische M\u00f6glichkeiten pianistisch einzuarbeiten und dabei ihr Wissen und ihre Begleitkunst zu vertiefen.<br \/>\nBesondere Sachkenntnisse und \u00dcbung konnte sie im Repertoire f\u00fcr Violine, Violoncello und Fl\u00f6te erwerben.<\/p>\n<p>Ihre Vertrautheit mit verschiedenen Stilen und Genres bereicherte ihr musikalisches Verst\u00e4ndnis; ihre spontane, offene Art verwandelt die Arbeit am Musikst\u00fcck in ein Musizieren voll gemeinsamer Freude und Genuss.<\/p>\n","protected":false},"excerpt":{"rendered":"<p>Als versierte Pianistin erteilt Dorota Dobosz Korrepetition f\u00fcr S\u00e4nger und Instrumentalisten. Ihre vielseitigen Erfahrungen am Musiktheater bilden die Basis f\u00fcr ihre Arbeit beim Einstudieren von Opern- und Oratorienpartien sowohl im Bereich des g\u00e4ngigen S\u00e4ngerrepertoires als auch der modernen Oper. Dank ihrer langj\u00e4hrigen Praxis als S\u00e4ngerbegleiterin weiss sie die klanglichen, interpretatorischen und sprachlichen Rafinessen des Kunstlieds &hellip; <a href=\"https:\/\/dorotadobosz.com\/pl\/korrepetition\/\" class=\"more-link\">Continue reading <span class=\"screen-reader-text\">Korrepetition<\/span><\/a><\/p>\n","protected":false},"author":1,"featured_media":0,"parent":0,"menu_order":3,"comment_status":"closed","ping_status":"closed","template":"","meta":{"_de_post_content":"","_de_post_name":"","_de_post_excerpt":"","_de_post_title":"","_en_post_content":"","_en_post_name":"","_en_post_excerpt":"","_en_post_title":"","_pl_post_content":"","_pl_post_name":"","_pl_post_excerpt":"","_pl_post_title":"","_it_post_content":"","_it_post_name":"","_it_post_excerpt":"","_it_post_title":"","edit_language":"","footnotes":""},"class_list":["post-21","page","type-page","status-publish","hentry"],"_links":{"self":[{"href":"https:\/\/dorotadobosz.com\/pl\/wp-json\/wp\/v2\/pages\/21","targetHints":{"allow":["GET"]}}],"collection":[{"href":"https:\/\/dorotadobosz.com\/pl\/wp-json\/wp\/v2\/pages"}],"about":[{"href":"https:\/\/dorotadobosz.com\/pl\/wp-json\/wp\/v2\/types\/page"}],"author":[{"embeddable":true,"href":"https:\/\/dorotadobosz.com\/pl\/wp-json\/wp\/v2\/users\/1"}],"replies":[{"embeddable":true,"href":"https:\/\/dorotadobosz.com\/pl\/wp-json\/wp\/v2\/comments?post=21"}],"version-history":[{"count":6,"href":"https:\/\/dorotadobosz.com\/pl\/wp-json\/wp\/v2\/pages\/21\/revisions"}],"predecessor-version":[{"id":266,"href":"https:\/\/dorotadobosz.com\/pl\/wp-json\/wp\/v2\/pages\/21\/revisions\/266"}],"wp:attachment":[{"href":"https:\/\/dorotadobosz.com\/pl\/wp-json\/wp\/v2\/media?parent=21"}],"curies":[{"name":"wp","href":"https:\/\/api.w.org\/{rel}","templated":true}]}}