{"id":2,"date":"2017-01-31T16:52:53","date_gmt":"2017-01-31T15:52:53","guid":{"rendered":"https:\/\/dorotadobosz.com\/\/?page_id=2"},"modified":"2021-09-30T23:32:12","modified_gmt":"2021-09-30T21:32:12","slug":"vita","status":"publish","type":"page","link":"https:\/\/dorotadobosz.com\/it\/vita\/","title":{"rendered":"Vita"},"content":{"rendered":"\n<p><\/p>\n\n\n<p><a href=\"https:\/\/dorotadobosz.com\/wp-content\/uploads\/2017\/03\/Dorota_Dobosz_Vita.jpg\"><img loading=\"lazy\" decoding=\"async\" class=\"alignright size-medium wp-image-90\" src=\"https:\/\/dorotadobosz.com\/wp-content\/uploads\/2017\/03\/Dorota_Dobosz_Vita-400x603.jpg\" alt=\"Vita\" width=\"400\" height=\"603\" srcset=\"https:\/\/dorotadobosz.com\/wp-content\/uploads\/2017\/03\/Dorota_Dobosz_Vita-400x603.jpg 400w, https:\/\/dorotadobosz.com\/wp-content\/uploads\/2017\/03\/Dorota_Dobosz_Vita-768x1157.jpg 768w, https:\/\/dorotadobosz.com\/wp-content\/uploads\/2017\/03\/Dorota_Dobosz_Vita-680x1024.jpg 680w, https:\/\/dorotadobosz.com\/wp-content\/uploads\/2017\/03\/Dorota_Dobosz_Vita.jpg 823w\" sizes=\"auto, (max-width: 400px) 100vw, 400px\" \/><\/a>In Lublin (Polen) geboren und aufgewachsen studierte Dorota Dobosz an der Musikakademie \u0141\u00f3d\u017a bei Tadeusz Chmielewski Klavier und absolvierte das K\u00fcnstlerische<br \/>Aufbaustudium an den Musikhochschulen Stuttgart bei Konrad Richter (Klavier) und Mannheim bei Andreas Pistorius (Kammermusik und Liedgestaltung).\u00a0<\/p>\n<p>Sie gewann zahlreiche Auszeichnungen als Solistin und Kammermusikerin, u.a. das Kunststipendium der Fryderyk-Chopin-Gesellschaft in Warszawa 1990, den 3. Preis beim Wolfgang-Amadeus-Mozart-Kammermusikwettbewerb in Krak\u00f3w 1991, den 1. Preis beim Internationalen Kammermusikwettbewerb in \u0141\u00f3d\u017a 1992 und die 1. Auszeichnung beim Internationalen Karol-Szymanowski-Wettbewerb in \u0141\u00f3d\u017a 1992.<\/p>\n<p>Mit besonderem Interesse widmet sich die K\u00fcnstlerin der Arbeit mit S\u00e4ngern: sie war als Solorepetitorin mit Dirigierverpflichtung am Theater der Stadt Heidelberg angestellt und wirkte in zahlreichen Musiktheaterproduktionen mit, u. a. bei den Bad Hersfelder Festspielen und bei der Berliner Kammeroper, die sich haupts\u00e4chlich den Werken zeitgen\u00f6ssischer Komponisten widmet.<\/p>\n<p>Als Korrepetitorin sowohl f\u00fcr Vokalisten als auch Instrumentalisten war sie an den Musikhochschulen Stuttgart, Mannheim, Berlin (Universit\u00e4t der K\u00fcnste und Hochschule f\u00fcr Musik &#8220;Hanns Eisler&#8221;) sowie am Conservatorio di musica &#8220;Claudio Monteverdi&#8221; in Bozen\/Bolzano t\u00e4tig.<\/p>\n<p>Die K\u00fcnstlerin gab Klavierabende und Solokonzerte mit Orchester u.a. in \u0141\u00f3d\u017a, Belgrad und Lublin. In Italien, Polen und Deutschland gibt sie zahlreiche Liederabende und Kammerkonzerte in unterschiedlichen Besetzungen. Sie arbeitete zusammen u.a. mit Urszula Kryger, Dagmar Schellenberger und Maraile Lichdi, mit der sie Liederabende und regelm\u00e4\u00dfig Meisterkurse gibt. Ein besonderes Anliegen der K\u00fcnstlerin ist es Musik auch unbekannter polnischer Komponisten au\u00dferhalb Polens zu pr\u00e4sentieren.<\/p>\n<p>Ihre musikalische T\u00e4tigkeit erweiterte sie im Jahr 2011 um den Bereich Chorleitung. Sie dirigierte mehrere Ch\u00f6re im Meran und Berlin und gr\u00fcndete 2019 den deutsch-polnischen Chor in G\u00f6ttingen.<\/p>\n<p>Seit 2016 lebt Dorota Dobosz mit ihrer Familie in G\u00f6ttingen, ist als Korrepetitorin der Gesangsabteilung an der Universit\u00e4t der K\u00fcnste Berlin und auch als Dozentin f\u00fcr Korrepetition und Partienstudium an der Hochschule f\u00fcr Musik &#8220;Hanns Eisler&#8221; in Berlin t\u00e4tig. Die Pianistin wirkte in zahlreichen Projekten des G\u00f6ttinger Symphonieorchester mit, unter anderen in Weltersteinspielung der Oper &#8220;Die helle Nacht&#8221; von Richard Flury im Fr\u00fchjahr 2021 und beim Saisonauftakt-Konzert 2021\/22 in Bohuslav Martin\u016f Toccata e due canzoni H 311.<\/p>\n<p>\u00a0<\/p>\n<p>\u00a0<\/p>","protected":false},"excerpt":{"rendered":"<p>In Lublin (Polen) geboren und aufgewachsen studierte Dorota Dobosz an der Musikakademie \u0141\u00f3d\u017a bei Tadeusz Chmielewski Klavier und absolvierte das K\u00fcnstlerischeAufbaustudium an den Musikhochschulen Stuttgart bei Konrad Richter (Klavier) und Mannheim bei Andreas Pistorius (Kammermusik und Liedgestaltung).\u00a0 Sie gewann zahlreiche Auszeichnungen als Solistin und Kammermusikerin, u.a. das Kunststipendium der Fryderyk-Chopin-Gesellschaft in Warszawa 1990, den 3. &hellip; <a href=\"https:\/\/dorotadobosz.com\/it\/vita\/\" class=\"more-link\">Continue reading <span class=\"screen-reader-text\">Vita<\/span><\/a><\/p>\n","protected":false},"author":1,"featured_media":0,"parent":0,"menu_order":1,"comment_status":"closed","ping_status":"open","template":"","meta":{"_de_post_content":"<a href=\"https:\/\/dorotadobosz.com\/wp-content\/uploads\/2017\/03\/Dorota_Dobosz_Vita.jpg\"><img class=\"alignright size-medium wp-image-90\" src=\"https:\/\/dorotadobosz.com\/wp-content\/uploads\/2017\/03\/Dorota_Dobosz_Vita-400x603.jpg\" alt=\"Vita\" width=\"400\" height=\"603\"><\/a>Die in Lublin (Polen) geborene und aufgewachsene Pianistin entstammt einer k\u00fcnstlerisch sehr aufgeschlossenen Familie. Schon als Sch\u00fclerin erhielt sie den 5. Preis im Nationalen Klavierwettbewerb und schloss ihre Abschlusspr\u00fcfung am Musikgymnasium mit Auszeichnung ab. Ihre akademische musikalische Ausbildung an der Musikakademie \u0141\u00f3d\u017a beendete sie ebenfalls mit Auszeichnung, das K\u00fcnstlerische\nAufbaustudium absolvierte sie an den Musikhochschulen Stuttgart (Klavier) sowie Mannheim (Kammermusik und Liedgestaltung), wo sie mit der Bestnote abschloss. Zu den Professoren, die ihr Musikverst\u00e4ndnis am meisten gepr\u00e4gt haben, geh\u00f6ren Tadeusz Chmielewski, Andreas Pistorius\nund Marta Sosi\u0144ska. Von den zahlreichen Auszeichnungen als Solistin und Kammermusikerin seien genannt: Kunststipendium der Fryderyk-Chopin-Gesellschaft in Warszawa (1990), 3. Preis beim Wolfgang-Amadeus-Mozart-Kammermusikwettbewerb in Krak\u00f3w (1991), 1. Preis beim Internationalen Kammermusikwettbewerb in \u0141\u00f3d\u017a (1992) und 1. Auszeichnung beim Internationalen Karol-Szymanowski-Wettbewerb in \u0141\u00f3d\u017a (1992). Sie erhielt Stipendien des Polnischen Ministeriums f\u00fcr Kultur und Kunst sowie des Deutschen Akademischen Austauschdienstes (DAAD).\n\nDie Pianistin arbeitete als Korrepetitorin f\u00fcr S\u00e4nger und Instrumentalisten an den Musikhochschulen Stuttgart und Mannheim, an der Berliner Universit\u00e4t der K\u00fcnste und der Hochschule f\u00fcr Musik \"Hanns Eisler\" sowie am Conservatorio di musica \"Claudio Monteverdi\" in Bozen\/Bolzano. Im Jahr 2008 vertrat sie die Hochschule f\u00fcr Musik \u201eHanns Eisler\u201c beim Treffen der Kunsthochschulen Berlins beim Bundespr\u00e4sidenten. Dorota Dobosz war als Solorepetitorin mit Dirigierverpflichtung am Theater der Stadt Heidelberg angestellt und wirkte in zahlreichen Musiktheaterproduktionen mit, u. a. bei den Bad Hersfelder Festspielen und bei der Berliner Kammeroper, die sich haupts\u00e4chlich den Werken zeitgen\u00f6ssischer Komponisten widmet.\n\nDie K\u00fcnstlerin gab Klavierabende und Solokonzerte mit Orchester u.a. in \u0141\u00f3d\u017a, Belgrad und Lublin sowie zahlreiche Liederabende und Kammerkonzerte in verschiedenen Besetzungen in Deutschland, Polen und Italien. Sie arbeitete unter anderen mit Urszula Kryger und Dagmar Schellenberger zusammen.\n\nIhre langj\u00e4hrige Erfahrung und umfangreiches Repertoire verbunden mit pianistischer Kompetenz machten sie zu einer gesuchten Partnerin und Korrepetitorin.\n\nSeit 2016 lebt die K\u00fcnstlerin mit ihrer Familie in G\u00f6ttingen und arbeitet als Korrepetitorin an der Hochschule f\u00fcr Musik \"Hanns Eisler\" in Berlin.","_de_post_name":"vita","_de_post_excerpt":"","_de_post_title":"Vita","_en_post_content":"<a href=\"https:\/\/dorotadobosz.com\/wp-content\/uploads\/2017\/03\/Dorota_Dobosz_Vita.jpg\"><img class=\"alignright size-medium wp-image-90\" src=\"https:\/\/dorotadobosz.com\/wp-content\/uploads\/2017\/03\/Dorota_Dobosz_Vita-400x603.jpg\" alt=\"Vita\" width=\"400\" height=\"603\" \/><\/a>\r\n\r\nengl.","_en_post_name":"vita","_en_post_excerpt":"","_en_post_title":"","_pl_post_content":"","_pl_post_name":"","_pl_post_excerpt":"","_pl_post_title":"","_it_post_content":"","_it_post_name":"","_it_post_excerpt":"","_it_post_title":"","edit_language":"de","footnotes":""},"class_list":["post-2","page","type-page","status-publish","hentry"],"_links":{"self":[{"href":"https:\/\/dorotadobosz.com\/it\/wp-json\/wp\/v2\/pages\/2","targetHints":{"allow":["GET"]}}],"collection":[{"href":"https:\/\/dorotadobosz.com\/it\/wp-json\/wp\/v2\/pages"}],"about":[{"href":"https:\/\/dorotadobosz.com\/it\/wp-json\/wp\/v2\/types\/page"}],"author":[{"embeddable":true,"href":"https:\/\/dorotadobosz.com\/it\/wp-json\/wp\/v2\/users\/1"}],"replies":[{"embeddable":true,"href":"https:\/\/dorotadobosz.com\/it\/wp-json\/wp\/v2\/comments?post=2"}],"version-history":[{"count":27,"href":"https:\/\/dorotadobosz.com\/it\/wp-json\/wp\/v2\/pages\/2\/revisions"}],"predecessor-version":[{"id":504,"href":"https:\/\/dorotadobosz.com\/it\/wp-json\/wp\/v2\/pages\/2\/revisions\/504"}],"wp:attachment":[{"href":"https:\/\/dorotadobosz.com\/it\/wp-json\/wp\/v2\/media?parent=2"}],"curies":[{"name":"wp","href":"https:\/\/api.w.org\/{rel}","templated":true}]}}