{"id":19,"date":"2017-03-23T18:28:18","date_gmt":"2017-03-23T17:28:18","guid":{"rendered":"https:\/\/dorotadobosz.com\/?page_id=19"},"modified":"2022-09-15T22:52:13","modified_gmt":"2022-09-15T20:52:13","slug":"projekte","status":"publish","type":"page","link":"https:\/\/dorotadobosz.com\/it\/projekte\/","title":{"rendered":"Projekte"},"content":{"rendered":"\n<h2 class=\"wp-block-heading\">Eugeniusz Pankiewicz \u2013 Lieder: Eine Entdeckung<\/h2>\n\n\n\n<figure class=\"wp-block-image size-full is-resized\"><img loading=\"lazy\" decoding=\"async\" src=\"https:\/\/dorotadobosz.com\/wp-content\/uploads\/2021\/10\/Bildschirmfoto-2021-10-01-um-09.27.51.png\" alt=\"\" class=\"wp-image-506\" width=\"360\" height=\"536\" srcset=\"https:\/\/dorotadobosz.com\/wp-content\/uploads\/2021\/10\/Bildschirmfoto-2021-10-01-um-09.27.51.png 646w, https:\/\/dorotadobosz.com\/wp-content\/uploads\/2021\/10\/Bildschirmfoto-2021-10-01-um-09.27.51-400x596.png 400w, https:\/\/dorotadobosz.com\/wp-content\/uploads\/2021\/10\/Bildschirmfoto-2021-10-01-um-09.27.51-225x335.png 225w\" sizes=\"auto, (max-width: 360px) 100vw, 360px\" \/><\/figure>\n\n\n\n<p>Eugeniusz Pankiewicz (1857\u20131898), polnischer Komponist und Pianist ist laut der Enzyklop\u00e4die \u201eDie Musik in Geschichte und Gegenwart\u201c der hervorragendste Vertreter der vokaler Lyrik in Polen vor Szymanowski. Einige seiner 41 Lieder komponierte er zu den Gedichten von Heinrich Heine und Nikolaus Lenau. Pankiewicz\u2019s vokale Werke basieren oft auf polnischen Volksmelodien, jedoch in seinen poetischen Vertonungen ist der romantische Geist der weit begriffenen europ\u00e4ischen Kultur nicht zu \u00fcberh\u00f6ren. Innovativ f\u00fcr seine Zeit f\u00fchrt der Komponist die Gesangslinie oft in Deklamatorischem Duktus, beinahe instrumental, und wendet unbequeme Spr\u00fcnge und chromatische Wendungen an, um die Feinheiten der Poesie auszudr\u00fccken. Als Konzertpianist gestaltet er den Klavierpart immer als gleichberechtigten Partner mit reichen harmonischen, koloristischen und rhythmischen Mitteln.&nbsp;<\/p>\n\n\n\n<p>Die erstmalige Gesamtaufnahme soll diese wertvolle und zu Unrecht unbekannte Werke verewigen: Die erste Etappe des Projektes: eine Auswahl der 25 Lieder mit den Sopranistinnen Maraile Lichdi und Anna Malesza-Kutny, dem Tenor Fermin Basterra und am historischen Fl\u00fcgel \u00c9rard aus dem Jahre 1886 der Pianistin Dorota Dobosz wollen wir demn\u00e4chst als CD-Produktion abschlie\u00dfen und in \u00f6ffentlichen Konzerten pr\u00e4sentieren.<\/p>\n\n\n\n<p><\/p>\n\n\n<a href=\"https:\/\/dorotadobosz.com\/wp-content\/uploads\/2021\/10\/Plakat_Polen_07.pdf\" class=\"pdfemb-viewer\" style=\"\" data-width=\"max\" data-height=\"max\" data-toolbar=\"bottom\" data-toolbar-fixed=\"off\">Plakat_Polen_07<\/a>\n<p class=\"wp-block-pdfemb-pdf-embedder-viewer\"><\/p>\n\n\n\n<hr class=\"wp-block-separator is-style-default\"\/>\n\n\n\n<figure class=\"wp-block-image size-large is-style-default\"><img loading=\"lazy\" decoding=\"async\" width=\"724\" height=\"1024\" src=\"https:\/\/dorotadobosz.com\/wp-content\/uploads\/2019\/11\/ProgrammKonferenzBromberg-1-724x1024.jpg\" alt=\"\" class=\"wp-image-489\"\/><\/figure>\n\n\n\n<hr class=\"wp-block-separator is-style-default\"\/>\n\n\n\n<figure class=\"wp-block-image is-style-default\"><img loading=\"lazy\" decoding=\"async\" width=\"724\" height=\"1024\" src=\"https:\/\/dorotadobosz.com\/wp-content\/uploads\/2019\/10\/konzert_verfuehrung_www-1-2-724x1024.jpg\" alt=\"\" class=\"wp-image-479\" srcset=\"https:\/\/dorotadobosz.com\/wp-content\/uploads\/2019\/10\/konzert_verfuehrung_www-1-2-724x1024.jpg 724w, https:\/\/dorotadobosz.com\/wp-content\/uploads\/2019\/10\/konzert_verfuehrung_www-1-2-225x318.jpg 225w, https:\/\/dorotadobosz.com\/wp-content\/uploads\/2019\/10\/konzert_verfuehrung_www-1-2-400x566.jpg 400w, https:\/\/dorotadobosz.com\/wp-content\/uploads\/2019\/10\/konzert_verfuehrung_www-1-2-768x1086.jpg 768w, https:\/\/dorotadobosz.com\/wp-content\/uploads\/2019\/10\/konzert_verfuehrung_www-1-2.jpg 1035w\" sizes=\"auto, (max-width: 724px) 100vw, 724px\" \/><\/figure>\n\n\n\n<hr class=\"wp-block-separator is-style-default\"\/>\n\n\n\n<figure class=\"wp-block-image is-style-default\"><img loading=\"lazy\" decoding=\"async\" width=\"710\" height=\"1024\" src=\"https:\/\/dorotadobosz.com\/wp-content\/uploads\/2019\/11\/Bild-58-Voice-Day-2019-710x1024.jpg\" alt=\"\" class=\"wp-image-488\" srcset=\"https:\/\/dorotadobosz.com\/wp-content\/uploads\/2019\/11\/Bild-58-Voice-Day-2019-710x1024.jpg 710w, https:\/\/dorotadobosz.com\/wp-content\/uploads\/2019\/11\/Bild-58-Voice-Day-2019-225x324.jpg 225w, https:\/\/dorotadobosz.com\/wp-content\/uploads\/2019\/11\/Bild-58-Voice-Day-2019-400x577.jpg 400w, https:\/\/dorotadobosz.com\/wp-content\/uploads\/2019\/11\/Bild-58-Voice-Day-2019-768x1107.jpg 768w, https:\/\/dorotadobosz.com\/wp-content\/uploads\/2019\/11\/Bild-58-Voice-Day-2019.jpg 1150w\" sizes=\"auto, (max-width: 710px) 100vw, 710px\" \/><\/figure>\n\n\n\n<hr class=\"wp-block-separator is-style-default\"\/>\n\n\n\n<h3 class=\"wp-block-heading\"><strong>Ein Fest f\u00fcr Clara \u2013 Zum 200. Geburtstag von Clara Schumann<\/strong><\/h3>\n\n\n\n<p><a href=\"https:\/\/www.deutschlandfunkkultur.de\/ein-fest-fuer-clara-schumann-lebenslange-freundschaften.3889.de.html?dram:article_id=471452\">Beitrag Deutschlandfunk<\/a> <\/p>\n\n\n\n<figure class=\"wp-block-image is-style-default\"><img loading=\"lazy\" decoding=\"async\" width=\"1024\" height=\"726\" src=\"https:\/\/dorotadobosz.com\/wp-content\/uploads\/2019\/10\/EinFestFuerClara-1-1024x726.jpg\" alt=\"\" class=\"wp-image-475\" srcset=\"https:\/\/dorotadobosz.com\/wp-content\/uploads\/2019\/10\/EinFestFuerClara-1-1024x726.jpg 1024w, https:\/\/dorotadobosz.com\/wp-content\/uploads\/2019\/10\/EinFestFuerClara-1-225x160.jpg 225w, https:\/\/dorotadobosz.com\/wp-content\/uploads\/2019\/10\/EinFestFuerClara-1-400x284.jpg 400w, https:\/\/dorotadobosz.com\/wp-content\/uploads\/2019\/10\/EinFestFuerClara-1-768x545.jpg 768w, https:\/\/dorotadobosz.com\/wp-content\/uploads\/2019\/10\/EinFestFuerClara-1.jpg 1165w\" sizes=\"auto, (max-width: 1024px) 100vw, 1024px\" \/><\/figure>\n\n\n\n<hr class=\"wp-block-separator is-style-default\"\/>\n\n\n\n<figure class=\"wp-block-image is-style-default\"><img loading=\"lazy\" decoding=\"async\" width=\"723\" height=\"1024\" src=\"https:\/\/dorotadobosz.com\/wp-content\/uploads\/2019\/09\/Harmonie-723x1024-723x1024.jpg\" alt=\"\" class=\"wp-image-461\" srcset=\"https:\/\/dorotadobosz.com\/wp-content\/uploads\/2019\/09\/Harmonie-723x1024.jpg 723w, https:\/\/dorotadobosz.com\/wp-content\/uploads\/2019\/09\/Harmonie-723x1024-225x319.jpg 225w, https:\/\/dorotadobosz.com\/wp-content\/uploads\/2019\/09\/Harmonie-723x1024-400x567.jpg 400w\" sizes=\"auto, (max-width: 723px) 100vw, 723px\" \/><\/figure>\n\n\n\n<figure class=\"wp-block-image is-style-default\"><img decoding=\"async\" src=\"https:\/\/dorotadobosz.com\/wp-content\/uploads\/2019\/09\/Harmonie-723x1024-1-723x1024.jpg\" alt=\"\" class=\"wp-image-457\"\/><\/figure>\n\n\n\n<hr class=\"wp-block-separator is-style-default\"\/>\n\n\n<p><strong><a href=\"https:\/\/dorotadobosz.com\/wp-content\/uploads\/2018\/11\/VoiceDayProgrammFlyer2018.png\"><img loading=\"lazy\" decoding=\"async\" class=\"alignnone size-medium wp-image-391\" src=\"https:\/\/dorotadobosz.com\/wp-content\/uploads\/2018\/11\/VoiceDayProgrammFlyer2018-400x550.png\" alt=\"\" width=\"400\" height=\"550\" srcset=\"https:\/\/dorotadobosz.com\/wp-content\/uploads\/2018\/11\/VoiceDayProgrammFlyer2018-400x550.png 400w, https:\/\/dorotadobosz.com\/wp-content\/uploads\/2018\/11\/VoiceDayProgrammFlyer2018-225x309.png 225w, https:\/\/dorotadobosz.com\/wp-content\/uploads\/2018\/11\/VoiceDayProgrammFlyer2018-768x1056.png 768w, https:\/\/dorotadobosz.com\/wp-content\/uploads\/2018\/11\/VoiceDayProgrammFlyer2018-745x1024.png 745w, https:\/\/dorotadobosz.com\/wp-content\/uploads\/2018\/11\/VoiceDayProgrammFlyer2018.png 1700w\" sizes=\"auto, (max-width: 400px) 100vw, 400px\" \/><\/a><a href=\"https:\/\/dorotadobosz.com\/wp-content\/uploads\/2018\/11\/Plakat-Fuchs-2018.png\"><img loading=\"lazy\" decoding=\"async\" class=\"alignnone size-medium wp-image-381\" src=\"https:\/\/dorotadobosz.com\/wp-content\/uploads\/2018\/11\/Plakat-Fuchs-2018-400x555.png\" alt=\"\" width=\"400\" height=\"555\" srcset=\"https:\/\/dorotadobosz.com\/wp-content\/uploads\/2018\/11\/Plakat-Fuchs-2018-400x555.png 400w, https:\/\/dorotadobosz.com\/wp-content\/uploads\/2018\/11\/Plakat-Fuchs-2018-225x312.png 225w, https:\/\/dorotadobosz.com\/wp-content\/uploads\/2018\/11\/Plakat-Fuchs-2018.png 461w\" sizes=\"auto, (max-width: 400px) 100vw, 400px\" \/><\/a><\/strong><\/p>\n<p><strong>in Auswahl<\/strong><\/p>\n<p><a href=\"https:\/\/dorotadobosz.com\/wp-content\/uploads\/2017\/11\/Konzert-page-0.jpg\"><img loading=\"lazy\" decoding=\"async\" class=\"alignnone size-medium wp-image-358\" src=\"https:\/\/dorotadobosz.com\/wp-content\/uploads\/2017\/11\/Konzert-page-0-400x617.jpg\" alt=\"\" width=\"400\" height=\"617\" srcset=\"https:\/\/dorotadobosz.com\/wp-content\/uploads\/2017\/11\/Konzert-page-0-400x617.jpg 400w, https:\/\/dorotadobosz.com\/wp-content\/uploads\/2017\/11\/Konzert-page-0-225x347.jpg 225w, https:\/\/dorotadobosz.com\/wp-content\/uploads\/2017\/11\/Konzert-page-0-768x1185.jpg 768w, https:\/\/dorotadobosz.com\/wp-content\/uploads\/2017\/11\/Konzert-page-0-663x1024.jpg 663w\" sizes=\"auto, (max-width: 400px) 100vw, 400px\" \/><\/a><\/p>\n<p><strong><a href=\"https:\/\/dorotadobosz.com\/wp-content\/uploads\/2017\/05\/konzert.jpeg\"><img loading=\"lazy\" decoding=\"async\" class=\"alignnone size-medium wp-image-332\" src=\"https:\/\/dorotadobosz.com\/wp-content\/uploads\/2017\/05\/konzert-400x240.jpeg\" alt=\"\" width=\"400\" height=\"240\" srcset=\"https:\/\/dorotadobosz.com\/wp-content\/uploads\/2017\/05\/konzert-400x240.jpeg 400w, https:\/\/dorotadobosz.com\/wp-content\/uploads\/2017\/05\/konzert-225x135.jpeg 225w, https:\/\/dorotadobosz.com\/wp-content\/uploads\/2017\/05\/konzert-768x460.jpeg 768w, https:\/\/dorotadobosz.com\/wp-content\/uploads\/2017\/05\/konzert-1024x613.jpeg 1024w\" sizes=\"auto, (max-width: 400px) 100vw, 400px\" \/><\/a><\/strong><\/p>\n<p><\/p>\n<p><a href=\"https:\/\/dorotadobosz.com\/wp-content\/uploads\/2017\/04\/2014_schlanders.jpg\"><img loading=\"lazy\" decoding=\"async\" class=\"wp-image-239 size-full alignleft img_float\" src=\"https:\/\/dorotadobosz.com\/wp-content\/uploads\/2017\/03\/2014_schlanders_thumb.jpg\" alt=\"\" width=\"225\" height=\"318\"><\/a><a href=\"https:\/\/dorotadobosz.com\/wp-content\/uploads\/2017\/04\/2010_chopin_berlin.jpg\"><img loading=\"lazy\" decoding=\"async\" class=\"alignleft wp-image-249 size-full img_float\" src=\"https:\/\/dorotadobosz.com\/wp-content\/uploads\/2017\/04\/2010_chopin_berlin_thumb.jpg\" alt=\"\" width=\"225\" height=\"318\"><\/a><a href=\"https:\/\/dorotadobosz.com\/wp-content\/uploads\/2017\/04\/2009_berlin-1.jpg\"><img loading=\"lazy\" decoding=\"async\" class=\"img_float wp-image-288 size-full alignleft\" src=\"https:\/\/dorotadobosz.com\/wp-content\/uploads\/2017\/04\/2009_berlin_thumb-1.jpg\" alt=\"\" width=\"225\" height=\"318\"><\/a><a href=\"https:\/\/dorotadobosz.com\/wp-content\/uploads\/2017\/04\/1999_lublin.jpg\"><img loading=\"lazy\" decoding=\"async\" class=\"alignleft wp-image-247 size-full img_float\" src=\"https:\/\/dorotadobosz.com\/wp-content\/uploads\/2017\/04\/1999_lublin_thumb.jpg\" alt=\"\" width=\"225\" height=\"318\"><\/a><a href=\"https:\/\/dorotadobosz.com\/wp-content\/uploads\/2017\/04\/1999_chopin_aufnahme.jpg\"><img loading=\"lazy\" decoding=\"async\" class=\"alignleft wp-image-246 size-full img_float\" src=\"https:\/\/dorotadobosz.com\/wp-content\/uploads\/2017\/04\/1999_chopin_aufnahme_thumb.jpg\" alt=\"\" width=\"225\" height=\"141\"><\/a><a href=\"https:\/\/dorotadobosz.com\/wp-content\/uploads\/2017\/04\/1996_naleczow.jpg\"><img loading=\"lazy\" decoding=\"async\" class=\"alignleft wp-image-245 size-full img_float\" src=\"https:\/\/dorotadobosz.com\/wp-content\/uploads\/2017\/04\/1996_naleczow_thumb.jpg\" alt=\"\" width=\"225\" height=\"318\"><\/a><a href=\"https:\/\/dorotadobosz.com\/wp-content\/uploads\/2017\/04\/1995_stuttgart.jpg\"><img loading=\"lazy\" decoding=\"async\" class=\"alignleft wp-image-244 size-full img_float\" src=\"https:\/\/dorotadobosz.com\/wp-content\/uploads\/2017\/04\/1995_stuttgart_thumb.jpg\" alt=\"\" width=\"225\" height=\"164\"><\/a><a href=\"https:\/\/dorotadobosz.com\/wp-content\/uploads\/2017\/04\/1994_lublin.jpg\"><img loading=\"lazy\" decoding=\"async\" class=\"alignleft wp-image-243 size-full img_float\" src=\"https:\/\/dorotadobosz.com\/wp-content\/uploads\/2017\/04\/1994_lublin_thumb.jpg\" alt=\"\" width=\"225\" height=\"318\"><\/a><\/p>\n\n\n<figure class=\"wp-block-image is-resized is-style-default\"><img loading=\"lazy\" decoding=\"async\" src=\"https:\/\/dorotadobosz.com\/wp-content\/uploads\/2019\/09\/Harmonie-723x1024-723x1024.jpg\" alt=\"\" class=\"wp-image-433\" width=\"20\" height=\"28\"\/><\/figure>\n","protected":false},"excerpt":{"rendered":"<p>Eugeniusz Pankiewicz \u2013 Lieder: Eine Entdeckung Eugeniusz Pankiewicz (1857\u20131898), polnischer Komponist und Pianist ist laut der Enzyklop\u00e4die \u201eDie Musik in Geschichte und Gegenwart\u201c der hervorragendste Vertreter der vokaler Lyrik in Polen vor Szymanowski. Einige seiner 41 Lieder komponierte er zu den Gedichten von Heinrich Heine und Nikolaus Lenau. Pankiewicz\u2019s vokale Werke basieren oft auf polnischen &hellip; <a href=\"https:\/\/dorotadobosz.com\/it\/projekte\/\" class=\"more-link\">Continue reading <span class=\"screen-reader-text\">Projekte<\/span><\/a><\/p>\n","protected":false},"author":1,"featured_media":0,"parent":0,"menu_order":2,"comment_status":"closed","ping_status":"closed","template":"","meta":{"_de_post_content":"<!-- wp:heading -->\n<h2>Eugeniusz Pankiewicz<\/h2>\n<!-- \/wp:heading -->\n\n<!-- wp:paragraph -->\n<p><\/p>\n<!-- \/wp:paragraph -->\n\n<!-- wp:paragraph -->\n<p>Eugeniusz Pankiewicz (1857\u20131898), polnischer Komponist und Pianist ist laut der Enzyklop\u00e4die \u201eDie Musik in Geschichte und Gegenwart\u201c der hervorragendste Vertreter der vokaler Lyrik in Polen vor Szymanowski. Einige seiner 41 Lieder komponierte er zu den Gedichten von Heinrich Heine und Nikolaus Lenau. Pankiewicz\u2019s vokale Werke basieren oft auf polnischen Volksmelodien, jedoch in seinen poetischen Vertonungen ist der romantische Geist der weit begriffenen europ\u00e4ischen Kultur nicht zu \u00fcberh\u00f6ren. Innovativ f\u00fcr seine Zeit f\u00fchrt der Komponist die Gesangslinie oft in Deklamatorischem Duktus, beinahe instrumental, und wendet unbequeme Spr\u00fcnge und chromatische Wendungen an, um die Feinheiten der Poesie auszudr\u00fccken. Als Konzertpianist gestaltet er den Klavierpart immer als gleichberechtigten Partner mit reichen harmonischen, koloristischen und rhythmischen Mitteln.&nbsp;<\/p>\n<!-- \/wp:paragraph -->\n\n<!-- wp:paragraph -->\n<p>Die erstmalige Gesamtaufnahme soll diese wertvolle und zu Unrecht unbekannte Werke verewigen: Die erste Etappe des Projektes: eine Auswahl der 25 Lieder mit den Sopranistinnen Maraile Lichdi und Anna Malesza-Kutny, dem Tenor Fermin Basterra und am historischen Fl\u00fcgel \u00c9rard aus dem Jahre 1886 der Pianistin Dorota Dobosz wollen wir demn\u00e4chst als CD-Produktion abschlie\u00dfen und in \u00f6ffentlichen Konzerten pr\u00e4sentieren.<\/p>\n<!-- \/wp:paragraph -->\n\n<!-- wp:paragraph -->\n<p><\/p>\n<!-- \/wp:paragraph -->\n\n<!-- wp:pdfemb\/pdf-embedder-viewer {\"pdfID\":583,\"url\":\"https:\/\/dorotadobosz.com\/wp-content\/uploads\/2021\/10\/Plakat_Polen_07.pdf\",\"width\":\"500\",\"toolbar\":\"top\"} -->\n<p class=\"wp-block-pdfemb-pdf-embedder-viewer\"><\/p>\n<!-- \/wp:pdfemb\/pdf-embedder-viewer -->\n\n<!-- wp:separator {\"className\":\"is-style-default\"} -->\n<hr class=\"wp-block-separator is-style-default\"\/>\n<!-- \/wp:separator -->\n\n<!-- wp:image {\"id\":489,\"sizeSlug\":\"large\",\"linkDestination\":\"none\",\"className\":\"is-style-default\"} -->\n<figure class=\"wp-block-image size-large is-style-default\"><img src=\"https:\/\/dorotadobosz.com\/wp-content\/uploads\/2019\/11\/ProgrammKonferenzBromberg-1-724x1024.jpg\" alt=\"\" class=\"wp-image-489\"\/><\/figure>\n<!-- \/wp:image -->\n\n<!-- wp:separator {\"className\":\"is-style-default\"} -->\n<hr class=\"wp-block-separator is-style-default\"\/>\n<!-- \/wp:separator -->\n\n<!-- wp:image {\"id\":479,\"className\":\"is-style-default\"} -->\n<figure class=\"wp-block-image is-style-default\"><img src=\"https:\/\/dorotadobosz.com\/wp-content\/uploads\/2019\/10\/konzert_verfuehrung_www-1-2-724x1024.jpg\" alt=\"\" class=\"wp-image-479\"\/><\/figure>\n<!-- \/wp:image -->\n\n<!-- wp:separator {\"className\":\"is-style-default\"} -->\n<hr class=\"wp-block-separator is-style-default\"\/>\n<!-- \/wp:separator -->\n\n<!-- wp:image {\"id\":488,\"className\":\"is-style-default\"} -->\n<figure class=\"wp-block-image is-style-default\"><img src=\"https:\/\/dorotadobosz.com\/wp-content\/uploads\/2019\/11\/Bild-58-Voice-Day-2019-710x1024.jpg\" alt=\"\" class=\"wp-image-488\"\/><\/figure>\n<!-- \/wp:image -->\n\n<!-- wp:separator {\"className\":\"is-style-default\"} -->\n<hr class=\"wp-block-separator is-style-default\"\/>\n<!-- \/wp:separator -->\n\n<!-- wp:heading {\"level\":3} -->\n<h3><strong>Ein Fest f\u00fcr Clara \u2013 Zum 200. Geburtstag von Clara Schumann<\/strong><\/h3>\n<!-- \/wp:heading -->\n\n<!-- wp:paragraph -->\n<p><a href=\"https:\/\/www.deutschlandfunkkultur.de\/ein-fest-fuer-clara-schumann-lebenslange-freundschaften.3889.de.html?dram:article_id=471452\">Beitrag Deutschlandfunk<\/a> <\/p>\n<!-- \/wp:paragraph -->\n\n<!-- wp:image {\"id\":475,\"className\":\"is-style-default\"} -->\n<figure class=\"wp-block-image is-style-default\"><img src=\"https:\/\/dorotadobosz.com\/wp-content\/uploads\/2019\/10\/EinFestFuerClara-1-1024x726.jpg\" alt=\"\" class=\"wp-image-475\"\/><\/figure>\n<!-- \/wp:image -->\n\n<!-- wp:separator {\"className\":\"is-style-default\"} -->\n<hr class=\"wp-block-separator is-style-default\"\/>\n<!-- \/wp:separator -->\n\n<!-- wp:image {\"id\":461,\"className\":\"is-style-default\"} -->\n<figure class=\"wp-block-image is-style-default\"><img src=\"https:\/\/dorotadobosz.com\/wp-content\/uploads\/2019\/09\/Harmonie-723x1024-723x1024.jpg\" alt=\"\" class=\"wp-image-461\"\/><\/figure>\n<!-- \/wp:image -->\n\n<!-- wp:image {\"id\":457,\"className\":\"is-style-default\"} -->\n<figure class=\"wp-block-image is-style-default\"><img src=\"https:\/\/dorotadobosz.com\/wp-content\/uploads\/2019\/09\/Harmonie-723x1024-1-723x1024.jpg\" alt=\"\" class=\"wp-image-457\"\/><\/figure>\n<!-- \/wp:image -->\n\n<!-- wp:separator {\"className\":\"is-style-default\"} -->\n<hr class=\"wp-block-separator is-style-default\"\/>\n<!-- \/wp:separator -->\n\n<p><strong><a href=\"https:\/\/dorotadobosz.com\/wp-content\/uploads\/2018\/11\/VoiceDayProgrammFlyer2018.png\"><img class=\"alignnone size-medium wp-image-391\" src=\"https:\/\/dorotadobosz.com\/wp-content\/uploads\/2018\/11\/VoiceDayProgrammFlyer2018-400x550.png\" alt=\"\" width=\"400\" height=\"550\"><\/a><a href=\"https:\/\/dorotadobosz.com\/wp-content\/uploads\/2018\/11\/Plakat-Fuchs-2018.png\"><img class=\"alignnone size-medium wp-image-381\" src=\"https:\/\/dorotadobosz.com\/wp-content\/uploads\/2018\/11\/Plakat-Fuchs-2018-400x555.png\" alt=\"\" width=\"400\" height=\"555\"><\/a><\/strong><\/p>\n<p><strong>in Auswahl<\/strong><\/p>\n<p><a href=\"https:\/\/dorotadobosz.com\/wp-content\/uploads\/2017\/11\/Konzert-page-0.jpg\"><img class=\"alignnone size-medium wp-image-358\" src=\"https:\/\/dorotadobosz.com\/wp-content\/uploads\/2017\/11\/Konzert-page-0-400x617.jpg\" alt=\"\" width=\"400\" height=\"617\"><\/a><\/p>\n<p><strong><a href=\"https:\/\/dorotadobosz.com\/wp-content\/uploads\/2017\/05\/konzert.jpeg\"><img class=\"alignnone size-medium wp-image-332\" src=\"https:\/\/dorotadobosz.com\/wp-content\/uploads\/2017\/05\/konzert-400x240.jpeg\" alt=\"\" width=\"400\" height=\"240\"><\/a><\/strong><\/p>\n<p><\/p>\n<p><a href=\"https:\/\/dorotadobosz.com\/wp-content\/uploads\/2017\/04\/2014_schlanders.jpg\"><img class=\"wp-image-239 size-full alignleft img_float\" src=\"https:\/\/dorotadobosz.com\/wp-content\/uploads\/2017\/03\/2014_schlanders_thumb.jpg\" alt=\"\" width=\"225\" height=\"318\"><\/a><a href=\"https:\/\/dorotadobosz.com\/wp-content\/uploads\/2017\/04\/2010_chopin_berlin.jpg\"><img class=\"alignleft wp-image-249 size-full img_float\" src=\"https:\/\/dorotadobosz.com\/wp-content\/uploads\/2017\/04\/2010_chopin_berlin_thumb.jpg\" alt=\"\" width=\"225\" height=\"318\"><\/a><a href=\"https:\/\/dorotadobosz.com\/wp-content\/uploads\/2017\/04\/2009_berlin-1.jpg\"><img class=\"img_float wp-image-288 size-full alignleft\" src=\"https:\/\/dorotadobosz.com\/wp-content\/uploads\/2017\/04\/2009_berlin_thumb-1.jpg\" alt=\"\" width=\"225\" height=\"318\"><\/a><a href=\"https:\/\/dorotadobosz.com\/wp-content\/uploads\/2017\/04\/1999_lublin.jpg\"><img class=\"alignleft wp-image-247 size-full img_float\" src=\"https:\/\/dorotadobosz.com\/wp-content\/uploads\/2017\/04\/1999_lublin_thumb.jpg\" alt=\"\" width=\"225\" height=\"318\"><\/a><a href=\"https:\/\/dorotadobosz.com\/wp-content\/uploads\/2017\/04\/1999_chopin_aufnahme.jpg\"><img class=\"alignleft wp-image-246 size-full img_float\" src=\"https:\/\/dorotadobosz.com\/wp-content\/uploads\/2017\/04\/1999_chopin_aufnahme_thumb.jpg\" alt=\"\" width=\"225\" height=\"141\"><\/a><a href=\"https:\/\/dorotadobosz.com\/wp-content\/uploads\/2017\/04\/1996_naleczow.jpg\"><img class=\"alignleft wp-image-245 size-full img_float\" src=\"https:\/\/dorotadobosz.com\/wp-content\/uploads\/2017\/04\/1996_naleczow_thumb.jpg\" alt=\"\" width=\"225\" height=\"318\"><\/a><a href=\"https:\/\/dorotadobosz.com\/wp-content\/uploads\/2017\/04\/1995_stuttgart.jpg\"><img class=\"alignleft wp-image-244 size-full img_float\" src=\"https:\/\/dorotadobosz.com\/wp-content\/uploads\/2017\/04\/1995_stuttgart_thumb.jpg\" alt=\"\" width=\"225\" height=\"164\"><\/a><a href=\"https:\/\/dorotadobosz.com\/wp-content\/uploads\/2017\/04\/1994_lublin.jpg\"><img class=\"alignleft wp-image-243 size-full img_float\" src=\"https:\/\/dorotadobosz.com\/wp-content\/uploads\/2017\/04\/1994_lublin_thumb.jpg\" alt=\"\" width=\"225\" height=\"318\"><\/a><\/p>\n\n<!-- wp:image {\"id\":433,\"width\":20,\"height\":28,\"className\":\"is-style-default\"} -->\n<figure class=\"wp-block-image is-resized is-style-default\"><img src=\"https:\/\/dorotadobosz.com\/wp-content\/uploads\/2019\/09\/Harmonie-723x1024-723x1024.jpg\" alt=\"\" class=\"wp-image-433\" width=\"20\" height=\"28\"\/><\/figure>\n<!-- \/wp:image -->","_de_post_name":"projekte","_de_post_excerpt":"","_de_post_title":"Projekte","_en_post_content":"","_en_post_name":"projekte","_en_post_excerpt":"","_en_post_title":"","_pl_post_content":"","_pl_post_name":"","_pl_post_excerpt":"","_pl_post_title":"","_it_post_content":"","_it_post_name":"","_it_post_excerpt":"","_it_post_title":"","edit_language":"de","footnotes":""},"class_list":["post-19","page","type-page","status-publish","hentry"],"_links":{"self":[{"href":"https:\/\/dorotadobosz.com\/it\/wp-json\/wp\/v2\/pages\/19","targetHints":{"allow":["GET"]}}],"collection":[{"href":"https:\/\/dorotadobosz.com\/it\/wp-json\/wp\/v2\/pages"}],"about":[{"href":"https:\/\/dorotadobosz.com\/it\/wp-json\/wp\/v2\/types\/page"}],"author":[{"embeddable":true,"href":"https:\/\/dorotadobosz.com\/it\/wp-json\/wp\/v2\/users\/1"}],"replies":[{"embeddable":true,"href":"https:\/\/dorotadobosz.com\/it\/wp-json\/wp\/v2\/comments?post=19"}],"version-history":[{"count":101,"href":"https:\/\/dorotadobosz.com\/it\/wp-json\/wp\/v2\/pages\/19\/revisions"}],"predecessor-version":[{"id":612,"href":"https:\/\/dorotadobosz.com\/it\/wp-json\/wp\/v2\/pages\/19\/revisions\/612"}],"wp:attachment":[{"href":"https:\/\/dorotadobosz.com\/it\/wp-json\/wp\/v2\/media?parent=19"}],"curies":[{"name":"wp","href":"https:\/\/api.w.org\/{rel}","templated":true}]}}