{"id":355,"date":"2017-11-25T21:29:25","date_gmt":"2017-11-25T20:29:25","guid":{"rendered":"https:\/\/dorotadobosz.com\/?page_id=355"},"modified":"2022-09-15T22:52:41","modified_gmt":"2022-09-15T20:52:41","slug":"aktuell","status":"publish","type":"page","link":"https:\/\/dorotadobosz.com\/en\/aktuell\/","title":{"rendered":"Aktuelles"},"content":{"rendered":"\n<figure class=\"wp-block-image size-large\"><img loading=\"lazy\" decoding=\"async\" width=\"1024\" height=\"1024\" src=\"https:\/\/dorotadobosz.com\/wp-content\/uploads\/2022\/09\/IMG-20220915-WA0000-1024x1024.jpg\" alt=\"\" class=\"wp-image-609\" srcset=\"https:\/\/dorotadobosz.com\/wp-content\/uploads\/2022\/09\/IMG-20220915-WA0000-1024x1024.jpg 1024w, https:\/\/dorotadobosz.com\/wp-content\/uploads\/2022\/09\/IMG-20220915-WA0000-400x400.jpg 400w, https:\/\/dorotadobosz.com\/wp-content\/uploads\/2022\/09\/IMG-20220915-WA0000-225x225.jpg 225w, https:\/\/dorotadobosz.com\/wp-content\/uploads\/2022\/09\/IMG-20220915-WA0000-768x768.jpg 768w, https:\/\/dorotadobosz.com\/wp-content\/uploads\/2022\/09\/IMG-20220915-WA0000-1536x1536.jpg 1536w, https:\/\/dorotadobosz.com\/wp-content\/uploads\/2022\/09\/IMG-20220915-WA0000.jpg 1600w\" sizes=\"auto, (max-width: 1024px) 100vw, 1024px\" \/><\/figure>\n\n\n\n<p>Konzert am 20. September 2022 in Podgorica, Montenegro.<\/p>\n\n\n\n<p><\/p>\n\n\n\n<p><\/p>\n\n\n\n<p><\/p>\n\n\n\n<hr class=\"wp-block-separator\"\/>\n\n\n\n<figure class=\"wp-block-gallery columns-0 is-cropped wp-block-gallery-1 is-layout-flex wp-block-gallery-is-layout-flex\"><ul class=\"blocks-gallery-grid\"><\/ul><\/figure>\n\n\n\n<figure class=\"wp-block-gallery columns-0 is-cropped wp-block-gallery-2 is-layout-flex wp-block-gallery-is-layout-flex\"><ul class=\"blocks-gallery-grid\"><\/ul><\/figure>\n\n\n\n<figure class=\"wp-block-gallery columns-0 is-cropped wp-block-gallery-3 is-layout-flex wp-block-gallery-is-layout-flex\"><ul class=\"blocks-gallery-grid\"><\/ul><\/figure>\n\n\n\n<p><\/p>\n\n\n\n<figure class=\"wp-block-gallery columns-0 is-cropped wp-block-gallery-4 is-layout-flex wp-block-gallery-is-layout-flex\"><ul class=\"blocks-gallery-grid\"><\/ul><\/figure>\n","protected":false},"excerpt":{"rendered":"<p>Konzert am 20. September 2022 in Podgorica, Montenegro.<\/p>\n","protected":false},"author":1,"featured_media":0,"parent":0,"menu_order":0,"comment_status":"closed","ping_status":"closed","template":"","meta":{"_de_post_content":"<!-- wp:image {\"id\":609,\"sizeSlug\":\"large\",\"linkDestination\":\"none\"} -->\n<figure class=\"wp-block-image size-large\"><img src=\"https:\/\/dorotadobosz.com\/wp-content\/uploads\/2022\/09\/IMG-20220915-WA0000-1024x1024.jpg\" alt=\"\" class=\"wp-image-609\"\/><\/figure>\n<!-- \/wp:image -->\n\n<!-- wp:paragraph -->\n<p>Konzert am 20. September 2022 in Podgorica, Montenegro.<\/p>\n<!-- \/wp:paragraph -->\n\n<!-- wp:paragraph -->\n<p><\/p>\n<!-- \/wp:paragraph -->\n\n<!-- wp:paragraph -->\n<p><\/p>\n<!-- \/wp:paragraph -->\n\n<!-- wp:paragraph -->\n<p><\/p>\n<!-- \/wp:paragraph -->\n\n<!-- wp:heading -->\n<h2>Eugeniusz Pankiewicz \u2013 Lieder: Eine Entdeckung<\/h2>\n<!-- \/wp:heading -->\n\n<!-- wp:paragraph -->\n<p><\/p>\n<!-- \/wp:paragraph -->\n\n<!-- wp:image {\"id\":506,\"width\":360,\"height\":536,\"sizeSlug\":\"full\",\"linkDestination\":\"none\"} -->\n<figure class=\"wp-block-image size-full is-resized\"><img src=\"https:\/\/dorotadobosz.com\/wp-content\/uploads\/2021\/10\/Bildschirmfoto-2021-10-01-um-09.27.51.png\" alt=\"\" class=\"wp-image-506\" width=\"360\" height=\"536\"\/><\/figure>\n<!-- \/wp:image -->\n\n<!-- wp:paragraph -->\n<p>Eugeniusz Pankiewicz (1857\u20131898), polnischer Komponist und Pianist ist laut der Enzyklop\u00e4die \u201eDie Musik in Geschichte und Gegenwart\u201c der hervorragendste Vertreter der vokaler Lyrik in Polen vor Szymanowski. Einige seiner 41 Lieder komponierte er zu den Gedichten von Heinrich Heine und Nikolaus Lenau. Pankiewicz\u2019s vokale Werke basieren oft auf polnischen Volksmelodien, jedoch in seinen poetischen Vertonungen ist der romantische Geist der weit begriffenen europ\u00e4ischen Kultur nicht zu \u00fcberh\u00f6ren. Innovativ f\u00fcr seine Zeit f\u00fchrt der Komponist die Gesangslinie oft in Deklamatorischem Duktus, beinahe instrumental, und wendet unbequeme Spr\u00fcnge und chromatische Wendungen an, um die Feinheiten der Poesie auszudr\u00fccken. Als Konzertpianist gestaltet er den Klavierpart immer als gleichberechtigten Partner mit reichen harmonischen, koloristischen und rhythmischen Mitteln.&nbsp;<\/p>\n<!-- \/wp:paragraph -->\n\n<!-- wp:paragraph -->\n<p>Die erstmalige Gesamtaufnahme soll diese wertvolle und zu Unrecht unbekannte Werke verewigen: Die erste Etappe des Projektes: eine Auswahl der 25 Lieder mit den Sopranistinnen Maraile Lichdi und Anna Malesza-Kutny, dem Tenor Fermin Basterra und am historischen Fl\u00fcgel \u00c9rard aus dem Jahre 1886 der Pianistin Dorota Dobosz wollen wir demn\u00e4chst als CD-Produktion abschlie\u00dfen und in \u00f6ffentlichen Konzerten pr\u00e4sentieren.<\/p>\n<!-- \/wp:paragraph -->\n\n<!-- wp:separator -->\n<hr class=\"wp-block-separator\"\/>\n<!-- \/wp:separator -->\n\n<!-- wp:gallery {\"ids\":[],\"linkTo\":\"none\"} -->\n<figure class=\"wp-block-gallery columns-0 is-cropped\"><ul class=\"blocks-gallery-grid\"><\/ul><\/figure>\n<!-- \/wp:gallery -->\n\n<!-- wp:gallery {\"ids\":[],\"linkTo\":\"none\"} -->\n<figure class=\"wp-block-gallery columns-0 is-cropped\"><ul class=\"blocks-gallery-grid\"><\/ul><\/figure>\n<!-- \/wp:gallery -->\n\n<!-- wp:gallery {\"ids\":[],\"linkTo\":\"none\"} -->\n<figure class=\"wp-block-gallery columns-0 is-cropped\"><ul class=\"blocks-gallery-grid\"><\/ul><\/figure>\n<!-- \/wp:gallery -->\n\n<!-- wp:paragraph -->\n<p><\/p>\n<!-- \/wp:paragraph -->\n\n<!-- wp:gallery {\"ids\":[],\"linkTo\":\"none\"} -->\n<figure class=\"wp-block-gallery columns-0 is-cropped\"><ul class=\"blocks-gallery-grid\"><\/ul><\/figure>\n<!-- \/wp:gallery -->","_de_post_name":"aktuell","_de_post_excerpt":"","_de_post_title":"Aktuelles","_en_post_content":"","_en_post_name":"","_en_post_excerpt":"","_en_post_title":"","_pl_post_content":"","_pl_post_name":"","_pl_post_excerpt":"","_pl_post_title":"","_it_post_content":"","_it_post_name":"","_it_post_excerpt":"","_it_post_title":"","edit_language":"de","footnotes":""},"class_list":["post-355","page","type-page","status-publish","hentry"],"_links":{"self":[{"href":"https:\/\/dorotadobosz.com\/en\/wp-json\/wp\/v2\/pages\/355","targetHints":{"allow":["GET"]}}],"collection":[{"href":"https:\/\/dorotadobosz.com\/en\/wp-json\/wp\/v2\/pages"}],"about":[{"href":"https:\/\/dorotadobosz.com\/en\/wp-json\/wp\/v2\/types\/page"}],"author":[{"embeddable":true,"href":"https:\/\/dorotadobosz.com\/en\/wp-json\/wp\/v2\/users\/1"}],"replies":[{"embeddable":true,"href":"https:\/\/dorotadobosz.com\/en\/wp-json\/wp\/v2\/comments?post=355"}],"version-history":[{"count":27,"href":"https:\/\/dorotadobosz.com\/en\/wp-json\/wp\/v2\/pages\/355\/revisions"}],"predecessor-version":[{"id":613,"href":"https:\/\/dorotadobosz.com\/en\/wp-json\/wp\/v2\/pages\/355\/revisions\/613"}],"wp:attachment":[{"href":"https:\/\/dorotadobosz.com\/en\/wp-json\/wp\/v2\/media?parent=355"}],"curies":[{"name":"wp","href":"https:\/\/api.w.org\/{rel}","templated":true}]}}