{"id":28,"date":"2017-03-23T18:31:14","date_gmt":"2017-03-23T17:31:14","guid":{"rendered":"https:\/\/dorotadobosz.com\/?page_id=28"},"modified":"2021-10-01T11:35:07","modified_gmt":"2021-10-01T09:35:07","slug":"musik","status":"publish","type":"page","link":"https:\/\/dorotadobosz.com\/en\/musik\/","title":{"rendered":"Musik"},"content":{"rendered":"<p><a href=\"https:\/\/dorotadobosz.com\/wp-content\/uploads\/2017\/04\/Dorota_Dobosz_Musik.jpg\"><img loading=\"lazy\" decoding=\"async\" class=\"alignnone size-medium wp-image-299\" src=\"https:\/\/dorotadobosz.com\/wp-content\/uploads\/2017\/04\/Dorota_Dobosz_Musik-400x274.jpg\" alt=\"\" width=\"400\" height=\"274\" srcset=\"https:\/\/dorotadobosz.com\/wp-content\/uploads\/2017\/04\/Dorota_Dobosz_Musik-400x274.jpg 400w, https:\/\/dorotadobosz.com\/wp-content\/uploads\/2017\/04\/Dorota_Dobosz_Musik-225x154.jpg 225w, https:\/\/dorotadobosz.com\/wp-content\/uploads\/2017\/04\/Dorota_Dobosz_Musik-768x525.jpg 768w, https:\/\/dorotadobosz.com\/wp-content\/uploads\/2017\/04\/Dorota_Dobosz_Musik-1024x700.jpg 1024w, https:\/\/dorotadobosz.com\/wp-content\/uploads\/2017\/04\/Dorota_Dobosz_Musik.jpg 1240w\" sizes=\"auto, (max-width: 400px) 100vw, 400px\" \/><\/a><\/p>\n<!--[if lt IE 9]><script>document.createElement('audio');<\/script><![endif]-->\n<audio class=\"wp-audio-shortcode\" id=\"audio-28-1\" preload=\"none\" style=\"width: 100%;\" controls=\"controls\"><source type=\"audio\/mpeg\" src=\"https:\/\/dorotadobosz.com\/wp-content\/uploads\/2017\/04\/Chopin-2-Konzert-f-Moll-op-21_1.mp3?_=1\" \/><a href=\"https:\/\/dorotadobosz.com\/wp-content\/uploads\/2017\/04\/Chopin-2-Konzert-f-Moll-op-21_1.mp3\">https:\/\/dorotadobosz.com\/wp-content\/uploads\/2017\/04\/Chopin-2-Konzert-f-Moll-op-21_1.mp3<\/a><\/audio>\n<audio class=\"wp-audio-shortcode\" id=\"audio-28-2\" preload=\"none\" style=\"width: 100%;\" controls=\"controls\"><source type=\"audio\/mpeg\" src=\"https:\/\/dorotadobosz.com\/wp-content\/uploads\/2017\/04\/Chopin-2-Konzert-f-Moll-op-21_2.mp3?_=2\" \/><a href=\"https:\/\/dorotadobosz.com\/wp-content\/uploads\/2017\/04\/Chopin-2-Konzert-f-Moll-op-21_2.mp3\">https:\/\/dorotadobosz.com\/wp-content\/uploads\/2017\/04\/Chopin-2-Konzert-f-Moll-op-21_2.mp3<\/a><\/audio>\n<audio class=\"wp-audio-shortcode\" id=\"audio-28-3\" preload=\"none\" style=\"width: 100%;\" controls=\"controls\"><source type=\"audio\/mpeg\" src=\"https:\/\/dorotadobosz.com\/wp-content\/uploads\/2017\/04\/Chopin-2-Konzert-f-Moll-op-21_3.mp3?_=3\" \/><a href=\"https:\/\/dorotadobosz.com\/wp-content\/uploads\/2017\/04\/Chopin-2-Konzert-f-Moll-op-21_3.mp3\">https:\/\/dorotadobosz.com\/wp-content\/uploads\/2017\/04\/Chopin-2-Konzert-f-Moll-op-21_3.mp3<\/a><\/audio>\n<p>Fr\u00e9d\u00e9ric Chopin 2 Konzert f-Moll op. 21 in der Fassung f\u00fcr Klavier und Streichquintett<br \/>\n<em>\u00a0\u00a0 Maestoso<\/em><br \/>\n<em>\u00a0\u00a0 Larghetto<\/em><br \/>\n<em>\u00a0\u00a0 Allegro vivace<\/em><br \/>\nAlexander Maletic, Violine<br \/>\nPiotr Niewiadomski, Violine<br \/>\nAxel Porath, Viola<br \/>\nKirill Kravtzov, Cello<br \/>\nGrzegorz Sk\u00f3rka, Kontrabass\u00a0\u00a0\u00a0\u00a0\u00a0\u00a0\u00a0\u00a0\u00a0\u00a0\u00a0\u00a0\u00a0\u00a0\u00a0\u00a0\u00a0\u00a0\u00a0\u00a0\u00a0\u00a0\u00a0\u00a0\u00a0\u00a0\u00a0Aufnahme: Igor Stepanow<\/p>\n<audio class=\"wp-audio-shortcode\" id=\"audio-28-4\" preload=\"none\" style=\"width: 100%;\" controls=\"controls\"><source type=\"audio\/mpeg\" src=\"https:\/\/dorotadobosz.com\/wp-content\/uploads\/2017\/04\/Bela-Bartok-Sonate-f\u00fcr-zwei-Klaviere-und-Schlagzeug-_1.mp3?_=4\" \/><a href=\"https:\/\/dorotadobosz.com\/wp-content\/uploads\/2017\/04\/Bela-Bartok-Sonate-f\u00fcr-zwei-Klaviere-und-Schlagzeug-_1.mp3\">https:\/\/dorotadobosz.com\/wp-content\/uploads\/2017\/04\/Bela-Bartok-Sonate-f\u00fcr-zwei-Klaviere-und-Schlagzeug-_1.mp3<\/a><\/audio>\n<audio class=\"wp-audio-shortcode\" id=\"audio-28-5\" preload=\"none\" style=\"width: 100%;\" controls=\"controls\"><source type=\"audio\/mpeg\" src=\"https:\/\/dorotadobosz.com\/wp-content\/uploads\/2017\/04\/Bela-Bartok-Sonate-f\u00fcr-zwei-Klaviere-und-Schlagzeug-_2.mp3?_=5\" \/><a href=\"https:\/\/dorotadobosz.com\/wp-content\/uploads\/2017\/04\/Bela-Bartok-Sonate-f\u00fcr-zwei-Klaviere-und-Schlagzeug-_2.mp3\">https:\/\/dorotadobosz.com\/wp-content\/uploads\/2017\/04\/Bela-Bartok-Sonate-f\u00fcr-zwei-Klaviere-und-Schlagzeug-_2.mp3<\/a><\/audio>\n<audio class=\"wp-audio-shortcode\" id=\"audio-28-6\" preload=\"none\" style=\"width: 100%;\" controls=\"controls\"><source type=\"audio\/mpeg\" src=\"https:\/\/dorotadobosz.com\/wp-content\/uploads\/2017\/04\/Bela-Bartok-Sonate-f\u00fcr-zwei-Klaviere-und-Schlagzeug-_3.mp3?_=6\" \/><a href=\"https:\/\/dorotadobosz.com\/wp-content\/uploads\/2017\/04\/Bela-Bartok-Sonate-f\u00fcr-zwei-Klaviere-und-Schlagzeug-_3.mp3\">https:\/\/dorotadobosz.com\/wp-content\/uploads\/2017\/04\/Bela-Bartok-Sonate-f\u00fcr-zwei-Klaviere-und-Schlagzeug-_3.mp3<\/a><\/audio>\n<p>B\u00e9la Bart\u00f3k &#8211; Sonate f\u00fcr zwei Klaviere und Schlagzeug<\/p>\n<p>Assai lento. Allegro molto<br \/>\nLento ma non troppo<br \/>\nAllegro non troppo<\/p>\n<p>Kristjan Randalu Klavier<br \/>\nJ\u00fcrgen Spitschka Schlagzeug<br \/>\nEckhard Stromer Schlagzeug<\/p>\n<p>Livemitschnitt. Aufnahme Igor Stepanow<\/p>\n<div class=\"gmail-adn gmail-ads\"><\/div>\n<audio class=\"wp-audio-shortcode\" id=\"audio-28-7\" preload=\"none\" style=\"width: 100%;\" controls=\"controls\"><source type=\"audio\/mpeg\" src=\"https:\/\/dorotadobosz.com\/wp-content\/uploads\/2017\/04\/Mozart-Sonate-E-moll_1.mp3?_=7\" \/><a href=\"https:\/\/dorotadobosz.com\/wp-content\/uploads\/2017\/04\/Mozart-Sonate-E-moll_1.mp3\">https:\/\/dorotadobosz.com\/wp-content\/uploads\/2017\/04\/Mozart-Sonate-E-moll_1.mp3<\/a><\/audio>\n<audio class=\"wp-audio-shortcode\" id=\"audio-28-8\" preload=\"none\" style=\"width: 100%;\" controls=\"controls\"><source type=\"audio\/mpeg\" src=\"https:\/\/dorotadobosz.com\/wp-content\/uploads\/2017\/04\/Mozart-Sonate-E-moll_2.mp3?_=8\" \/><a href=\"https:\/\/dorotadobosz.com\/wp-content\/uploads\/2017\/04\/Mozart-Sonate-E-moll_2.mp3\">https:\/\/dorotadobosz.com\/wp-content\/uploads\/2017\/04\/Mozart-Sonate-E-moll_2.mp3<\/a><\/audio>\n<p>Wolfgang Amadeus Mozart &#8211; Sonate f\u00fcr Klavier und Violine e-Moll KV 304<br \/>\n<em>\u00a0\u00a0 Allegro<\/em><br \/>\n<em>\u00a0\u00a0 Tempo di Menuetto<\/em><br \/>\nCharlotte Reuter &#8211; Violine<br \/>\nLivemitschnitt<\/p>\n","protected":false},"excerpt":{"rendered":"<p>Fr\u00e9d\u00e9ric Chopin 2 Konzert f-Moll op. 21 in der Fassung f\u00fcr Klavier und Streichquintett \u00a0\u00a0 Maestoso \u00a0\u00a0 Larghetto \u00a0\u00a0 Allegro vivace Alexander Maletic, Violine Piotr Niewiadomski, Violine Axel Porath, Viola Kirill Kravtzov, Cello Grzegorz Sk\u00f3rka, Kontrabass\u00a0\u00a0\u00a0\u00a0\u00a0\u00a0\u00a0\u00a0\u00a0\u00a0\u00a0\u00a0\u00a0\u00a0\u00a0\u00a0\u00a0\u00a0\u00a0\u00a0\u00a0\u00a0\u00a0\u00a0\u00a0\u00a0\u00a0Aufnahme: Igor Stepanow B\u00e9la Bart\u00f3k &#8211; Sonate f\u00fcr zwei Klaviere und Schlagzeug Assai lento. Allegro molto Lento ma non troppo &hellip; <a href=\"https:\/\/dorotadobosz.com\/en\/musik\/\" class=\"more-link\">Continue reading <span class=\"screen-reader-text\">Musik<\/span><\/a><\/p>\n","protected":false},"author":1,"featured_media":0,"parent":0,"menu_order":6,"comment_status":"closed","ping_status":"closed","template":"","meta":{"_de_post_content":"<ul>\n \t<li><a href=\"https:\/\/dorotadobosz.com\/wp-content\/uploads\/2017\/04\/Dorota_Dobosz_Musik.jpg\"><img class=\"alignnone size-medium wp-image-299\" src=\"https:\/\/dorotadobosz.com\/wp-content\/uploads\/2017\/04\/Dorota_Dobosz_Musik-400x274.jpg\" alt=\"\" width=\"400\" height=\"274\"><\/a><\/li>\n<\/ul>\n[audio mp3=\"https:\/\/dorotadobosz.com\/wp-content\/uploads\/2017\/04\/Chopin-2-Konzert-f-Moll-op-21_1.mp3\"][\/audio]\n\n[audio mp3=\"https:\/\/dorotadobosz.com\/wp-content\/uploads\/2017\/04\/Chopin-2-Konzert-f-Moll-op-21_2.mp3\"][\/audio]\n\n[audio mp3=\"https:\/\/dorotadobosz.com\/wp-content\/uploads\/2017\/04\/Chopin-2-Konzert-f-Moll-op-21_3.mp3\"][\/audio]\n\nFr\u00e9d\u00e9ric Chopin 2 Konzert f-Moll op. 21 in der Fassung f\u00fcr Klavier und Streichquintett\n<em>&nbsp;&nbsp; Maestoso<\/em>\n<em>&nbsp;&nbsp; Larghetto<\/em>\n<em>&nbsp;&nbsp; Allegro vivace<\/em>\nAlexander Maletic, Violine\nPiotr Niewiadomski, Violine\nAxel Porath, Viola\nKirill Kravtzov, Cello\nGrzegorz Sk\u00f3rka, Kontrabass&nbsp;&nbsp;&nbsp;&nbsp;&nbsp;&nbsp;&nbsp;&nbsp;&nbsp;&nbsp;&nbsp;&nbsp;&nbsp;&nbsp;&nbsp;&nbsp;&nbsp;&nbsp;&nbsp;&nbsp;&nbsp;&nbsp;&nbsp;&nbsp;&nbsp;&nbsp;&nbsp;Aufnahme: Igor Stepanow\n\n[audio mp3=\"https:\/\/dorotadobosz.com\/wp-content\/uploads\/2017\/04\/Bela-Bartok-Sonate-f\u00fcr-zwei-Klaviere-und-Schlagzeug-_1.mp3\"][\/audio]\n\n[audio mp3=\"https:\/\/dorotadobosz.com\/wp-content\/uploads\/2017\/04\/Bela-Bartok-Sonate-f\u00fcr-zwei-Klaviere-und-Schlagzeug-_2.mp3\"][\/audio]\n\n[audio mp3=\"https:\/\/dorotadobosz.com\/wp-content\/uploads\/2017\/04\/Bela-Bartok-Sonate-f\u00fcr-zwei-Klaviere-und-Schlagzeug-_3.mp3\"][\/audio]\n\nB\u00e9la Bart\u00f3k - Sonate f\u00fcr zwei Klaviere und Schlagzeug\n\nAssai lento. Allegro molto\nLento ma non troppo\nAllegro non troppo\n\nKristjan Randalu Klavier\nJ\u00fcrgen Spitschka Schlagzeug\nEckhard Stromer Schlagzeug\n\nLivemitschnitt. Aufnahme Igor Stepanow\n<div class=\"gmail-adn gmail-ads\"><\/div>\n[audio mp3=\"https:\/\/dorotadobosz.com\/wp-content\/uploads\/2017\/04\/Mozart-Sonate-E-moll_1.mp3\"][\/audio]\n\n[audio mp3=\"https:\/\/dorotadobosz.com\/wp-content\/uploads\/2017\/04\/Mozart-Sonate-E-moll_2.mp3\"][\/audio]\n\nWolfgang Amadeus Mozart - Sonate f\u00fcr Klavier und Violine e-Moll KV 304\n<em>&nbsp;&nbsp; Allegro<\/em>\n<em>&nbsp;&nbsp; Tempo di Menuetto<\/em>\nCharlotte Reuter - Violine\nLivemitschnitt","_de_post_name":"musik","_de_post_excerpt":"","_de_post_title":"Musik","_en_post_content":"","_en_post_name":"","_en_post_excerpt":"","_en_post_title":"","_pl_post_content":"","_pl_post_name":"","_pl_post_excerpt":"","_pl_post_title":"","_it_post_content":"","_it_post_name":"","_it_post_excerpt":"","_it_post_title":"","edit_language":"de","footnotes":""},"class_list":["post-28","page","type-page","status-publish","hentry"],"_links":{"self":[{"href":"https:\/\/dorotadobosz.com\/en\/wp-json\/wp\/v2\/pages\/28","targetHints":{"allow":["GET"]}}],"collection":[{"href":"https:\/\/dorotadobosz.com\/en\/wp-json\/wp\/v2\/pages"}],"about":[{"href":"https:\/\/dorotadobosz.com\/en\/wp-json\/wp\/v2\/types\/page"}],"author":[{"embeddable":true,"href":"https:\/\/dorotadobosz.com\/en\/wp-json\/wp\/v2\/users\/1"}],"replies":[{"embeddable":true,"href":"https:\/\/dorotadobosz.com\/en\/wp-json\/wp\/v2\/comments?post=28"}],"version-history":[{"count":18,"href":"https:\/\/dorotadobosz.com\/en\/wp-json\/wp\/v2\/pages\/28\/revisions"}],"predecessor-version":[{"id":568,"href":"https:\/\/dorotadobosz.com\/en\/wp-json\/wp\/v2\/pages\/28\/revisions\/568"}],"wp:attachment":[{"href":"https:\/\/dorotadobosz.com\/en\/wp-json\/wp\/v2\/media?parent=28"}],"curies":[{"name":"wp","href":"https:\/\/api.w.org\/{rel}","templated":true}]}}